{"id":1961,"date":"2023-07-28T10:50:55","date_gmt":"2023-07-28T10:50:55","guid":{"rendered":"http:\/\/www.medicalflowers.es\/carrera\/"},"modified":"2024-06-25T06:05:47","modified_gmt":"2024-06-25T06:05:47","slug":"karriere","status":"publish","type":"page","link":"https:\/\/www.medicalflowers.es\/de\/karriere\/","title":{"rendered":"Karriere"},"content":{"rendered":"<div class=\"wpb-content-wrapper\"><p>[vc_row dfd_row_config=&#8221;full_width_content&#8221; dfd_row_responsive_enable=&#8221;dfd-row-responsive-enable&#8221; css=&#8221;.vc_custom_1607611148782{padding-right: 45px !important;padding-left: 45px !important;}&#8221; responsive_styles=&#8221;padding_left_desktop:30|padding_right_desktop:30|padding_left_tablet:30|padding_right_tablet:30|padding_left_mobile:0|padding_right_mobile:0&#8243;][vc_column column_bg_position=&#8221;right bottom&#8221; column_bg_repeat=&#8221;repeat&#8221; dfd_column_responsive_enable=&#8221;dfd-column-responsive-enable&#8221; css=&#8221;.vc_custom_1712582965128{background-image: url(http:\/\/www.medicalflowers.es\/wp-content\/uploads\/2024\/02\/bg_pag.jpg?id=1359) !important;background-position: center !important;background-repeat: no-repeat !important;background-size: cover !important;}&#8221; col_shadow=&#8221;box_shadow_enable:disable|shadow_horizontal:0|shadow_vertical:15|shadow_blur:50|shadow_spread:0|box_shadow_color:rgba(0%2C0%2C0%2C0.35)&#8221; col_shadow_hover=&#8221;box_shadow_enable:disable|shadow_horizontal:0|shadow_vertical:15|shadow_blur:50|shadow_spread:0|box_shadow_color:rgba(0%2C0%2C0%2C0.35)&#8221; responsive_styles=&#8221;padding_left_mobile:20|padding_right_mobile:20&#8243;]<div class=\"dfd-spacer-module\"  data-units=\"px\" data-wide_resolution=\"1280\" data-wide_size=\"175\" data-normal_resolution=\"1024\" data-normal_size=\"120\" data-tablet_resolution=\"800\" data-tablet_size=\"100\" data-mobile_resolution=\"480\" data-mobile_size=\"100\" style=\"height: 175px;\"><\/div>[vc_row_inner][vc_column_inner]<div class=\"dfd-heading-shortcode\"><div class=\"dfd-heading-module-wrap dfd-custom-stunning-header-title-responsive titulos_pag text-center style_01 cr-animate-gen dfd-heading-69d1b0b2cf232 dfd-disable-resposive-headings\" id=\"dfd-heading-69d1b0b2cf232\" data-animate-type = \"transition.slideRightBigIn\" ><div class=\"inline-block\"><div class=\"dfd-heading-module\"><h2 class=\"widget-title dfd-title \" style=\"font-family:Roboto; font-weight:100; font-style:normal; font-size: 67px; color: #ffffff !important; line-height: 79px; \">Arbeite mit uns<\/h2><\/div><\/div><\/div><script type=\"text\/javascript\">\r\n\t\t\t\t\t\t\t\t\t(function($) {\r\n\t\t\t\t\t\t\t\t\t\t$(\"head\").append(\"<style>.dfd-heading-69d1b0b2cf232.dfd-heading-module-wrap .dfd-heading-module .dfd-heading-delimiter {margin-top:10px;margin-bottom:10px;}@media (max-width: 1279px) and (min-width: 1024px){.dfd-heading-69d1b0b2cf232 .dfd-title{font-size: 42px !important;line-height: 50px !important;}}@media (max-width: 1023px) and (min-width: 800px){.dfd-heading-69d1b0b2cf232 .dfd-title{font-size: 36px !important;line-height: 44px !important;}}@media (max-width: 799px){.dfd-heading-69d1b0b2cf232 .dfd-title{font-size: 32px !important;line-height: 40px !important;}}<\/style>\");\r\n\t\t\t\t\t\t\t\t\t})(jQuery);\r\n\t\t\t\t\t\t\t\t<\/script><\/div><div class=\"dfd-spacer-module\"  data-units=\"px\" data-wide_resolution=\"1280\" data-wide_size=\"10\" data-normal_resolution=\"1024\" data-normal_size=\"10\" data-tablet_resolution=\"800\" data-tablet_size=\"10\" data-mobile_resolution=\"480\" data-mobile_size=\"10\" style=\"height: 10px;\"><\/div><div class=\"dfd-heading-shortcode\"><div class=\"dfd-heading-module-wrap subtitulos_pag text-center style_01 cr-animate-gen dfd-heading-69d1b0b2cf613 dfd-disable-resposive-headings\" id=\"dfd-heading-69d1b0b2cf613\" data-animate-type = \"transition.slideRightBigIn\" ><div class=\"inline-block\"><div class=\"dfd-heading-module\"><div class=\"widget-title dfd-title block-title\" style=\"font-family:Roboto; font-weight:300; font-style:normal; font-size: 15px; color: #ffffff !important; \"><a href=\"https:\/\/www.medicalflowers.es\/de\/\">HOME<\/a> \u203a KARRIERE<\/div><\/div><\/div><\/div><script type=\"text\/javascript\">\r\n\t\t\t\t\t\t\t\t\t(function($) {\r\n\t\t\t\t\t\t\t\t\t\t$(\"head\").append(\"<style>.dfd-heading-69d1b0b2cf613.dfd-heading-module-wrap .dfd-heading-module .dfd-heading-delimiter {margin-top:10px;margin-bottom:10px;}<\/style>\");\r\n\t\t\t\t\t\t\t\t\t})(jQuery);\r\n\t\t\t\t\t\t\t\t<\/script><\/div>[\/vc_column_inner][\/vc_row_inner]<div class=\"dfd-spacer-module\"  data-units=\"px\" data-wide_resolution=\"1280\" data-wide_size=\"155\" data-normal_resolution=\"1024\" data-normal_size=\"120\" data-tablet_resolution=\"800\" data-tablet_size=\"100\" data-mobile_resolution=\"480\" data-mobile_size=\"100\" style=\"height: 155px;\"><\/div>[\/vc_column][\/vc_row][vc_row dfd_enable_overlay=&#8221;&#8221; dfd_row_responsive_enable=&#8221;dfd-row-responsive-enable&#8221; responsive_styles=&#8221;padding_left_desktop:10|padding_right_desktop:10|padding_left_tablet:10|padding_right_tablet:10|padding_left_mobile:10|padding_right_mobile:10&#8243; css=&#8221;.vc_custom_1712582775484{margin-top: 20px !important;margin-right: 35px !important;margin-bottom: 20px !important;margin-left: 35px !important;}&#8221;][vc_column]<div class=\"dfd-spacer-module\"  data-units=\"px\" data-wide_resolution=\"1280\" data-wide_size=\"95\" data-normal_resolution=\"1024\" data-normal_size=\"90\" data-tablet_resolution=\"800\" data-tablet_size=\"90\" data-mobile_resolution=\"480\" data-mobile_size=\"90\" style=\"height: 95px;\"><\/div>[\/vc_column][vc_column width=&#8221;1\/6&#8243; css=&#8221;.vc_custom_1608291651271{padding-right: 5% !important;}&#8221; col_shadow=&#8221;box_shadow_enable:disable|shadow_horizontal:0|shadow_vertical:15|shadow_blur:50|shadow_spread:0|box_shadow_color:rgba(0%2C0%2C0%2C0.35)&#8221; col_shadow_hover=&#8221;box_shadow_enable:disable|shadow_horizontal:0|shadow_vertical:15|shadow_blur:50|shadow_spread:0|box_shadow_color:rgba(0%2C0%2C0%2C0.35)&#8221;][\/vc_column][vc_column width=&#8221;4\/6&#8243;]<div class=\"dfd-heading-shortcode\"><div class=\"dfd-heading-module-wrap  text-center style_01 cr-animate-gen dfd-heading-69d1b0b2cf77f dfd-disable-resposive-headings\" id=\"dfd-heading-69d1b0b2cf77f\" data-animate-type = \"transition.slideRightBigIn\" ><div class=\"inline-block\"><div class=\"dfd-heading-module\"><h2 class=\"widget-title dfd-title \" style=\"font-family:Roboto; font-weight:100; font-style:normal; font-size: 38px; line-height: 50px; \">Werde Teil unseres Teams<\/h2><\/div><\/div><\/div><script type=\"text\/javascript\">\r\n\t\t\t\t\t\t\t\t\t(function($) {\r\n\t\t\t\t\t\t\t\t\t\t$(\"head\").append(\"<style>.dfd-heading-69d1b0b2cf77f.dfd-heading-module-wrap .dfd-heading-module .dfd-heading-delimiter {margin-top:10px;margin-bottom:10px;}@media (max-width: 1279px) and (min-width: 1024px){.dfd-heading-69d1b0b2cf77f .dfd-title{font-size: 42px !important;line-height: 50px !important;}}@media (max-width: 1023px) and (min-width: 800px){.dfd-heading-69d1b0b2cf77f .dfd-title{font-size: 36px !important;line-height: 44px !important;}}@media (max-width: 799px){.dfd-heading-69d1b0b2cf77f .dfd-title{font-size: 32px !important;line-height: 40px !important;}}<\/style>\");\r\n\t\t\t\t\t\t\t\t\t})(jQuery);\r\n\t\t\t\t\t\t\t\t<\/script><\/div><div class=\"dfd-spacer-module\"  data-units=\"px\" data-wide_resolution=\"1280\" data-wide_size=\"20\" data-normal_resolution=\"1024\" data-normal_size=\"20\" data-tablet_resolution=\"800\" data-tablet_size=\"20\" data-mobile_resolution=\"480\" data-mobile_size=\"20\" style=\"height: 20px;\"><\/div>[vc_column_text item_animation=&#8221;transition.slideRightBigIn&#8221;]<\/p>\n<p style=\"text-align: center;\">Bei MM Medical Flowers sind wir st\u00e4ndig auf der Suche nach au\u00dfergew\u00f6hnlichen Talenten, die sich unserem Pionierteam f\u00fcr Innovation und Produktion anschlie\u00dfen. Wenn Sie eine Leidenschaft f\u00fcr Exzellenz, Innovation und positive Auswirkungen auf die Gemeinschaft haben, f\u00fcllen Sie bitte das untenstehende Formular aus und f\u00fcgen Sie ihren Lebenslauf bei.<\/p>\n<p style=\"text-align: center;\"><strong>Wir freuen uns darauf Sie bald kennenzulernen!<\/strong><\/p>\n<p>[\/vc_column_text]<div class=\"dfd-spacer-module\"  data-units=\"px\" data-wide_resolution=\"1280\" data-wide_size=\"20\" data-normal_resolution=\"1024\" data-normal_size=\"20\" data-tablet_resolution=\"800\" data-tablet_size=\"20\" data-mobile_resolution=\"480\" data-mobile_size=\"20\" style=\"height: 20px;\"><\/div>[vc_zigzag color=&#8221;custom&#8221; el_width=&#8221;50&#8243; custom_color=&#8221;rgba(255,255,255,0.01)&#8221; css=&#8221;.vc_custom_1690547125857{border-bottom-width: 2px !important;border-bottom-color: #559d9f !important;border-bottom-style: solid !important;}&#8221;]<div class=\"dfd-spacer-module\"  data-units=\"px\" data-wide_resolution=\"1280\" data-wide_size=\"50\" data-normal_resolution=\"1024\" data-normal_size=\"50\" data-tablet_resolution=\"800\" data-tablet_size=\"50\" data-mobile_resolution=\"480\" data-mobile_size=\"50\" style=\"height: 50px;\"><\/div>\n<div class=\"wpcf7 no-js\" id=\"wpcf7-f1957-o1\" lang=\"de-DE\" dir=\"ltr\">\n<div class=\"screen-reader-response\"><p role=\"status\" aria-live=\"polite\" aria-atomic=\"true\"><\/p> <ul><\/ul><\/div>\n<form action=\"\/de\/wp-json\/wp\/v2\/pages\/1961#wpcf7-f1957-o1\" method=\"post\" class=\"wpcf7-form init\" aria-label=\"Kontaktformular\" enctype=\"multipart\/form-data\" novalidate=\"novalidate\" data-status=\"init\">\n<div style=\"display: none;\">\n<input type=\"hidden\" name=\"_wpcf7\" value=\"1957\" \/>\n<input type=\"hidden\" name=\"_wpcf7_version\" value=\"5.7.7\" \/>\n<input type=\"hidden\" name=\"_wpcf7_locale\" value=\"de_DE\" \/>\n<input type=\"hidden\" name=\"_wpcf7_unit_tag\" value=\"wpcf7-f1957-o1\" \/>\n<input type=\"hidden\" name=\"_wpcf7_container_post\" value=\"0\" \/>\n<input type=\"hidden\" name=\"_wpcf7_posted_data_hash\" value=\"\" \/>\n<input type=\"hidden\" name=\"_wpcf7_recaptcha_response\" value=\"\" \/>\n<\/div>\n<div class=\"form_carrera\">\n\t<p><label for=\"your-name\">Vorname (erforderlich)<\/label>\n\t<\/p>\n\t<p><span class=\"wpcf7-form-control-wrap\" data-name=\"tu-nombre\"><input size=\"40\" class=\"wpcf7-form-control wpcf7-text wpcf7-validates-as-required\" autocomplete=\"vorname\" aria-required=\"true\" aria-invalid=\"false\" value=\"\" type=\"text\" name=\"tu-nombre\" \/><\/span>\n\t<\/p>\n\t<p><label for=\"your-apellido\">Nachname (erforderlich)<\/label>\n\t<\/p>\n\t<p><span class=\"wpcf7-form-control-wrap\" data-name=\"tu-apellido\"><input size=\"40\" class=\"wpcf7-form-control wpcf7-text wpcf7-validates-as-required\" autocomplete=\"nachname\" aria-required=\"true\" aria-invalid=\"false\" value=\"\" type=\"text\" name=\"tu-apellido\" \/><\/span>\n\t<\/p>\n\t<p><label for=\"your-email\">E-Mail (erforderlich)<\/label>\n\t<\/p>\n\t<p><span class=\"wpcf7-form-control-wrap\" data-name=\"tu-email\"><input size=\"40\" class=\"wpcf7-form-control wpcf7-text wpcf7-email wpcf7-validates-as-required wpcf7-validates-as-email\" autocomplete=\"email\" aria-required=\"true\" aria-invalid=\"false\" value=\"\" type=\"email\" name=\"tu-email\" \/><\/span>\n\t<\/p>\n\t<p><label for=\"your-email\">Telefon (erforderlich)<\/label>\n\t<\/p>\n\t<p><span class=\"wpcf7-form-control-wrap\" data-name=\"tu-telef\"><input size=\"40\" class=\"wpcf7-form-control wpcf7-text wpcf7-tel wpcf7-validates-as-required wpcf7-validates-as-tel\" aria-required=\"true\" aria-invalid=\"false\" value=\"\" type=\"tel\" name=\"tu-telef\" \/><\/span>\n\t<\/p>\n\t<p><label for=\"your-upload\">Lebenslauf (erforderlich)<\/label>\n\t<\/p>\n\t<p><span class=\"wpcf7-form-control-wrap\" data-name=\"tu-upload\"><input size=\"40\" class=\"wpcf7-form-control wpcf7-file wpcf7-validates-as-required\" accept=\".pdf,.txt,.jpg\" aria-required=\"true\" aria-invalid=\"false\" type=\"file\" name=\"tu-upload\" \/><\/span>\n\t<\/p>\n\t<p><label> Berufliche Ziele (erforderlich)<\/label>\n\t<\/p>\n\t<p><span class=\"wpcf7-form-control-wrap\" data-name=\"ob-prof\"><textarea cols=\"40\" rows=\"10\" class=\"wpcf7-form-control wpcf7-textarea wpcf7-validates-as-required\" aria-required=\"true\" aria-invalid=\"false\" name=\"ob-prof\"><\/textarea><\/span>\n\t<\/p>\n\t<p><label> Anschreiben (erforderlich)<\/label>\n\t<\/p>\n\t<p><span class=\"wpcf7-form-control-wrap\" data-name=\"carta-prest\"><textarea cols=\"40\" rows=\"10\" class=\"wpcf7-form-control wpcf7-textarea wpcf7-validates-as-required\" aria-required=\"true\" aria-invalid=\"false\" name=\"carta-prest\"><\/textarea><\/span>\n\t<\/p>\n\t<p><span class=\"wpcf7-form-control-wrap\" data-name=\"acceptance-458\"><span class=\"wpcf7-form-control wpcf7-acceptance\"><span class=\"wpcf7-list-item\"><input type=\"checkbox\" name=\"acceptance-458\" value=\"1\" aria-invalid=\"false\" \/><\/span><\/span><\/span> Ich habe die <a href=\"http:\/\/www.medicalflowers.es\/politica-privacidad\/\" target=\"_blank\" class=\"dfd-custom-link\">Datenschutzerkl\u00e4rung<\/a> gelesen und stimme der Verarbeitung meiner Daten zu.\n\t<\/p>\n\t<p class=\"txt_politica\"><br \/>\n<span>Grundlegende Informationen zum Datenschutz<\/span><br \/>\n<strong>Verantwortlich:<\/strong> MM Medical Flowers SL. <strong>Zweck:<\/strong> Verwaltung von Informationsanfragen. <strong>Legitimierung:<\/strong> Ausdr\u00fcckliche Zustimmung. <strong>Aufbewahrung:<\/strong> 1 Jahr nach dem letzten Kontakt von Interesse. <strong>Empf\u00e4nger:<\/strong> Wir geben Ihre Daten nicht weiter, es sei denn, es besteht eine gesetzliche Verpflichtung. <strong>Internationale \u00dcbertragungen:<\/strong> Keine vorgesehen. <strong>Quelle:<\/strong> Der Betroffene selbst. <strong>Rechte:<\/strong> Sie haben das Recht auf Zugang zu Ihren Daten, deren Berichtigung, L\u00f6schung, Einschr\u00e4nkung oder Widerspruch gegen die Verarbeitung, auf Daten\u00fcbertragbarkeit, nicht Gegenstand automatisierter Entscheidungen zu sein, Ihre Zustimmung zu widerrufen und Beschwerden bei der Aufsichtsbeh\u00f6rde (Spanische Datenschutzbeh\u00f6rde) einzureichen.\n\t<\/p>\n\t<p><input class=\"wpcf7-form-control has-spinner wpcf7-submit\" type=\"submit\" value=\"Senden\" \/>\n\t<\/p>\n<\/div><div class=\"wpcf7-response-output\" aria-hidden=\"true\"><\/div>\n<\/form>\n<\/div>\n[\/vc_column][vc_column width=&#8221;1\/6&#8243;][\/vc_column][vc_column]<div class=\"dfd-spacer-module\"  data-units=\"px\" data-wide_resolution=\"1280\" data-wide_size=\"90\" data-normal_resolution=\"1024\" data-normal_size=\"90\" data-tablet_resolution=\"800\" data-tablet_size=\"90\" data-mobile_resolution=\"480\" data-mobile_size=\"50\" style=\"height: 90px;\"><\/div>[\/vc_column][\/vc_row]<\/p>\n<\/div>","protected":false},"excerpt":{"rendered":"<p>[vc_row dfd_row_config=&#8221;full_width_content&#8221; dfd_row_responsive_enable=&#8221;dfd-row-responsive-enable&#8221; css=&#8221;.vc_custom_1607611148782{padding-right: 45px !important;padding-left: 45px !important;}&#8221; responsive_styles=&#8221;padding_left_desktop:30|padding_right_desktop:30|padding_left_tablet:30|padding_right_tablet:30|padding_left_mobile:0|padding_right_mobile:0&#8243;][vc_column column_bg_position=&#8221;right bottom&#8221; column_bg_repeat=&#8221;repeat&#8221; dfd_column_responsive_enable=&#8221;dfd-column-responsive-enable&#8221; css=&#8221;.vc_custom_1712582965128{background-image: url(http:\/\/www.medicalflowers.es\/wp-content\/uploads\/2024\/02\/bg_pag.jpg?id=1359) !important;background-position: center !important;background-repeat: no-repeat !important;background-size: cover !important;}&#8221; col_shadow=&#8221;box_shadow_enable:disable|shadow_horizontal:0|shadow_vertical:15|shadow_blur:50|shadow_spread:0|box_shadow_color:rgba(0%2C0%2C0%2C0.35)&#8221; col_shadow_hover=&#8221;box_shadow_enable:disable|shadow_horizontal:0|shadow_vertical:15|shadow_blur:50|shadow_spread:0|box_shadow_color:rgba(0%2C0%2C0%2C0.35)&#8221; responsive_styles=&#8221;padding_left_mobile:20|padding_right_mobile:20&#8243;][vc_row_inner][vc_column_inner][\/vc_column_inner][\/vc_row_inner][\/vc_column][\/vc_row][vc_row dfd_enable_overlay=&#8221;&#8221; dfd_row_responsive_enable=&#8221;dfd-row-responsive-enable&#8221; responsive_styles=&#8221;padding_left_desktop:10|padding_right_desktop:10|padding_left_tablet:10|padding_right_tablet:10|padding_left_mobile:10|padding_right_mobile:10&#8243; css=&#8221;.vc_custom_1712582775484{margin-top: 20px<\/p>\n","protected":false},"author":1,"featured_media":0,"parent":0,"menu_order":0,"comment_status":"closed","ping_status":"closed","template":"page-custom.php","meta":{"_monsterinsights_skip_tracking":false,"_monsterinsights_sitenote_active":false,"_monsterinsights_sitenote_note":"","_monsterinsights_sitenote_category":0,"footnotes":""},"class_list":["post-1961","page","type-page","status-publish","hentry"],"aioseo_notices":[],"_links":{"self":[{"href":"https:\/\/www.medicalflowers.es\/de\/wp-json\/wp\/v2\/pages\/1961","targetHints":{"allow":["GET"]}}],"collection":[{"href":"https:\/\/www.medicalflowers.es\/de\/wp-json\/wp\/v2\/pages"}],"about":[{"href":"https:\/\/www.medicalflowers.es\/de\/wp-json\/wp\/v2\/types\/page"}],"author":[{"embeddable":true,"href":"https:\/\/www.medicalflowers.es\/de\/wp-json\/wp\/v2\/users\/1"}],"replies":[{"embeddable":true,"href":"https:\/\/www.medicalflowers.es\/de\/wp-json\/wp\/v2\/comments?post=1961"}],"version-history":[{"count":3,"href":"https:\/\/www.medicalflowers.es\/de\/wp-json\/wp\/v2\/pages\/1961\/revisions"}],"predecessor-version":[{"id":2015,"href":"https:\/\/www.medicalflowers.es\/de\/wp-json\/wp\/v2\/pages\/1961\/revisions\/2015"}],"wp:attachment":[{"href":"https:\/\/www.medicalflowers.es\/de\/wp-json\/wp\/v2\/media?parent=1961"}],"curies":[{"name":"wp","href":"https:\/\/api.w.org\/{rel}","templated":true}]}}