{"id":1955,"date":"2023-07-28T17:03:54","date_gmt":"2023-07-28T17:03:54","guid":{"rendered":"http:\/\/www.medicalflowers.es\/aviso-legal\/"},"modified":"2024-06-25T06:04:06","modified_gmt":"2024-06-25T06:04:06","slug":"rechtlicher-hinweis","status":"publish","type":"page","link":"https:\/\/www.medicalflowers.es\/de\/rechtlicher-hinweis\/","title":{"rendered":"Rechtlicher Hinweis"},"content":{"rendered":"<div class=\"wpb-content-wrapper\"><p>[vc_row dfd_row_config=&#8221;full_width_content&#8221; dfd_row_responsive_enable=&#8221;dfd-row-responsive-enable&#8221; css=&#8221;.vc_custom_1607611148782{padding-right: 45px !important;padding-left: 45px !important;}&#8221; responsive_styles=&#8221;padding_left_desktop:30|padding_right_desktop:30|padding_left_tablet:30|padding_right_tablet:30|padding_left_mobile:0|padding_right_mobile:0&#8243;][vc_column column_bg_position=&#8221;right bottom&#8221; column_bg_repeat=&#8221;repeat&#8221; dfd_column_responsive_enable=&#8221;dfd-column-responsive-enable&#8221; css=&#8221;.vc_custom_1709224069762{background-image: url(http:\/\/www.medicalflowers.es\/wp-content\/uploads\/2024\/02\/bg_pag.jpg?id=1359) !important;background-position: center !important;background-repeat: no-repeat !important;background-size: cover !important;}&#8221; col_shadow=&#8221;box_shadow_enable:disable|shadow_horizontal:0|shadow_vertical:15|shadow_blur:50|shadow_spread:0|box_shadow_color:rgba(0%2C0%2C0%2C0.35)&#8221; col_shadow_hover=&#8221;box_shadow_enable:disable|shadow_horizontal:0|shadow_vertical:15|shadow_blur:50|shadow_spread:0|box_shadow_color:rgba(0%2C0%2C0%2C0.35)&#8221; responsive_styles=&#8221;padding_left_mobile:20|padding_right_mobile:20&#8243;]<div class=\"dfd-spacer-module\"  data-units=\"px\" data-wide_resolution=\"1280\" data-wide_size=\"175\" data-normal_resolution=\"1024\" data-normal_size=\"120\" data-tablet_resolution=\"800\" data-tablet_size=\"100\" data-mobile_resolution=\"480\" data-mobile_size=\"100\" style=\"height: 175px;\"><\/div>[vc_row_inner][vc_column_inner]<div class=\"dfd-heading-shortcode\"><div class=\"dfd-heading-module-wrap dfd-custom-stunning-header-title-responsive titulos_pag text-center style_01 cr-animate-gen dfd-heading-69d15f348c8cf dfd-disable-resposive-headings\" id=\"dfd-heading-69d15f348c8cf\" data-animate-type = \"transition.slideRightBigIn\" ><div class=\"inline-block\"><div class=\"dfd-heading-module\"><h2 class=\"widget-title dfd-title \" style=\"font-family:Roboto; font-weight:100; font-style:normal; font-size: 67px; color: #ffffff !important; line-height: 79px; \">Rechtlicher Hinweis<\/h2><\/div><\/div><\/div><script type=\"text\/javascript\">\r\n\t\t\t\t\t\t\t\t\t(function($) {\r\n\t\t\t\t\t\t\t\t\t\t$(\"head\").append(\"<style>.dfd-heading-69d15f348c8cf.dfd-heading-module-wrap .dfd-heading-module .dfd-heading-delimiter {margin-top:10px;margin-bottom:10px;}@media (max-width: 1279px) and (min-width: 1024px){.dfd-heading-69d15f348c8cf .dfd-title{font-size: 42px !important;line-height: 50px !important;}}@media (max-width: 1023px) and (min-width: 800px){.dfd-heading-69d15f348c8cf .dfd-title{font-size: 36px !important;line-height: 44px !important;}}@media (max-width: 799px){.dfd-heading-69d15f348c8cf .dfd-title{font-size: 32px !important;line-height: 40px !important;}}<\/style>\");\r\n\t\t\t\t\t\t\t\t\t})(jQuery);\r\n\t\t\t\t\t\t\t\t<\/script><\/div><div class=\"dfd-spacer-module\"  data-units=\"px\" data-wide_resolution=\"1280\" data-wide_size=\"10\" data-normal_resolution=\"1024\" data-normal_size=\"10\" data-tablet_resolution=\"800\" data-tablet_size=\"10\" data-mobile_resolution=\"480\" data-mobile_size=\"10\" style=\"height: 10px;\"><\/div><div class=\"dfd-heading-shortcode\"><div class=\"dfd-heading-module-wrap subtitulos_pag text-center style_01 cr-animate-gen dfd-heading-69d15f348cdb4 dfd-disable-resposive-headings\" id=\"dfd-heading-69d15f348cdb4\" data-animate-type = \"transition.slideRightBigIn\" ><div class=\"inline-block\"><div class=\"dfd-heading-module\"><div class=\"widget-title dfd-title block-title\" style=\"font-family:Roboto; font-weight:300; font-style:normal; font-size: 15px; color: #ffffff !important; \"><a href=\"https:\/\/www.medicalflowers.es\/de\/\">HOME<\/a> \u203a RECHTLICHER HINWEIS<\/div><\/div><\/div><\/div><script type=\"text\/javascript\">\r\n\t\t\t\t\t\t\t\t\t(function($) {\r\n\t\t\t\t\t\t\t\t\t\t$(\"head\").append(\"<style>.dfd-heading-69d15f348cdb4.dfd-heading-module-wrap .dfd-heading-module .dfd-heading-delimiter {margin-top:10px;margin-bottom:10px;}<\/style>\");\r\n\t\t\t\t\t\t\t\t\t})(jQuery);\r\n\t\t\t\t\t\t\t\t<\/script><\/div>[\/vc_column_inner][\/vc_row_inner]<div class=\"dfd-spacer-module\"  data-units=\"px\" data-wide_resolution=\"1280\" data-wide_size=\"155\" data-normal_resolution=\"1024\" data-normal_size=\"120\" data-tablet_resolution=\"800\" data-tablet_size=\"100\" data-mobile_resolution=\"480\" data-mobile_size=\"100\" style=\"height: 155px;\"><\/div>[\/vc_column][\/vc_row][vc_row dfd_enable_overlay=&#8221;&#8221; dfd_row_responsive_enable=&#8221;dfd-row-responsive-enable&#8221; el_class=&#8221;txt_legal&#8221; responsive_styles=&#8221;padding_left_desktop:10|padding_right_desktop:10|margin_left_tablet:20|margin_right_tablet:20|padding_left_tablet:10|padding_right_tablet:10|margin_left_mobile:20|margin_right_mobile:20|padding_left_mobile:10|padding_right_mobile:10&#8243; css=&#8221;.vc_custom_1709223882437{margin-top: 20px !important;margin-right: 35px !important;margin-bottom: 20px !important;margin-left: 35px !important;border-top-width: 1px !important;border-right-width: 1px !important;border-bottom-width: 1px !important;border-left-width: 1px !important;border-left-style: none !important;border-right-style: none !important;border-top-style: none !important;border-bottom-style: none !important;}&#8221;][vc_column]<div class=\"dfd-spacer-module\"  data-units=\"px\" data-wide_resolution=\"1280\" data-wide_size=\"95\" data-normal_resolution=\"1024\" data-normal_size=\"90\" data-tablet_resolution=\"800\" data-tablet_size=\"60\" data-mobile_resolution=\"480\" data-mobile_size=\"60\" style=\"height: 95px;\"><\/div>[\/vc_column][vc_column css=&#8221;.vc_custom_1608291651271{padding-right: 5% !important;}&#8221; col_shadow=&#8221;box_shadow_enable:disable|shadow_horizontal:0|shadow_vertical:15|shadow_blur:50|shadow_spread:0|box_shadow_color:rgba(0%2C0%2C0%2C0.35)&#8221; col_shadow_hover=&#8221;box_shadow_enable:disable|shadow_horizontal:0|shadow_vertical:15|shadow_blur:50|shadow_spread:0|box_shadow_color:rgba(0%2C0%2C0%2C0.35)&#8221;][vc_column_text item_animation=&#8221;transition.slideRightBigIn&#8221; el_class=&#8221;txt_legal&#8221;]<\/p>\n<h3>1. Rechtliche Informationen und Akzeptanz<\/h3>\n<p>In \u00dcbereinstimmung mit den Bestimmungen des Gesetzes 34\/2002 vom 11. Juli \u00fcber Dienstleistungen der Informationsgesellschaft und elektronischen Handel (LSSICE) regeln diese Bestimmungen die Nutzung der Website www.medicalflowers.es (im Folgenden &#8220;Website&#8221;), die MM Medical Flowers SL den Internetnutzern zur Verf\u00fcgung stellt.<\/p>\n<p>Der Zugang zur Website ist kostenlos, mit Ausnahme der Kosten f\u00fcr die Verbindung \u00fcber das Telekommunikationsnetz, das vom vom Benutzer beauftragten Zugangsprovider bereitgestellt wird. Bestimmte Dienstleistungen sind exklusiv f\u00fcr unsere Kunden und der Zugang ist eingeschr\u00e4nkt. Die von MM Medical Flowers SL erbrachten Dienstleistungen haben im Allgemeinen den in dem entsprechenden Dienstleistungsvorschlag angegebenen Preis und werden in keinem Fall \u00fcber den Portaldienst angeboten oder erbracht.<\/p>\n<p>In F\u00e4llen und Abschnitten, in denen unsere Website E-Commerce-Dienstleistungen anbietet, die einer vertraglichen oder finanziellen Gegenleistung unterliegen, m\u00fcssen die in jedem Fall angegebenen Allgemeinen Vertragsbedingungen akzeptiert werden.<\/p>\n<p>Die Nutzung der Website verleiht den Status eines Benutzers der Website (im Folgenden Benutzer) und impliziert die Annahme aller in diesem rechtlichen Hinweis enthaltenen Bedingungen. Die Erbringung des Website-Dienstes ist auf den Zeitpunkt beschr\u00e4nkt, in dem der Benutzer mit der Website oder einem der \u00fcber sie angebotenen Dienste verbunden ist. Daher muss der Benutzer diesen rechtlichen Hinweis bei jeder beabsichtigten Nutzung der Website sorgf\u00e4ltig lesen, da dieser und die darin enthaltenen Nutzungsbedingungen \u00c4nderungen unterliegen k\u00f6nnen.<\/p>\n<p>Einige Dienstleistungen der Website, die f\u00fcr Internetnutzer oder ausschlie\u00dflich f\u00fcr Kunden von MM Medical Flowers SL zug\u00e4nglich sind, k\u00f6nnen besonderen Bedingungen, Vorschriften und Anweisungen unterliegen, die in jedem Fall diesen rechtlichen Hinweis ersetzen, erg\u00e4nzen und\/oder \u00e4ndern und die vor Beginn der jeweiligen Dienstleistungen vom Benutzer akzeptiert werden m\u00fcssen.<\/p>\n<h3>2. Identifikation des Website-Besitzers<\/h3>\n<table>\n<tbody>\n<tr>\n<td>Website-Inhaber:<\/td>\n<td>MM Medical Flowers SL &#8211; CIF B72918360<\/td>\n<\/tr>\n<tr>\n<td>Adresse:<\/td>\n<td>Finca Colombo s\/n 21440 Lepe Huelva<\/td>\n<\/tr>\n<tr>\n<td>Kontakt:<\/td>\n<td>Tel. +34 691464947 &#8211; Email: admon@medicalflowers.es www.medicalflowers.es<\/td>\n<\/tr>\n<tr>\n<td>Aktivit\u00e4t:<\/td>\n<td>Agr\u00edcola<\/td>\n<\/tr>\n<\/tbody>\n<\/table>\n<h3>3. Geistiges Eigentum, Industrielles Eigentum und Frames<\/h3>\n<p>Alle Elemente, die die Website (www.medicalflowers.es) bilden, einschlie\u00dflich, aber nicht beschr\u00e4nkt auf Texte, Fotos, Grafiken, Bilder, Symbole, Technologie, Software, Links und andere audiovisuelle oder klangliche Inhalte sowie deren Struktur, grafisches Design und Quellcodes sowie Logos, Marken und andere Unterscheidungsmerkmale, die auf ihr erscheinen, sind Eigentum von MM Medical Flowers SL oder ihren Mitarbeitern und sind durch die entsprechenden Rechte an geistigem und industriellem Eigentum gesch\u00fctzt.<br \/>\nDer Inhaber der Website (www.medicalflowers.es) verbietet ausdr\u00fccklich das &#8220;Framing&#8221; oder die Nutzung durch den Benutzer oder Dritte von Mechanismen, die das urspr\u00fcngliche Design, die Konfiguration oder den Inhalt unserer Website ver\u00e4ndern.<\/p>\n<p>Die Nutzung der Inhalte muss die spezifische Lizenzierung respektieren. Ihre Nutzung, Vervielf\u00e4ltigung, Verteilung, \u00f6ffentliche Wiedergabe, Transformation oder jede andere \u00e4hnliche oder analoge T\u00e4tigkeit ist daher vollst\u00e4ndig untersagt, es sei denn, es liegt eine vorherige und ausdr\u00fcckliche Genehmigung des Website-Inhabers MM Medical Flowers SL vor. Die vollst\u00e4ndige oder teilweise Vervielf\u00e4ltigung der vom Website bereitgestellten Texte und Inhalte ist nur gestattet, wenn alle folgenden Bedingungen erf\u00fcllt sind:<\/p>\n<ul>\n<li>Die Integrit\u00e4t der Inhalte, Dokumente oder Grafiken bleibt erhalten.<\/li>\n<li>Der Website-Inhaber wird ausdr\u00fccklich als Quelle und Ursprung zitiert.<\/li>\n<li>Der Zweck und das Ziel einer solchen Nutzung sind mit den Zielen der Website und\/oder der T\u00e4tigkeit des Website-Inhabers kompatibel.<\/li>\n<li>Eine kommerzielle Nutzung ist nicht beabsichtigt, und die Verbreitung, \u00f6ffentliche Wiedergabe, Transformation oder Dekompilierung ist ausdr\u00fccklich untersagt.<\/li>\n<\/ul>\n<p>Jede andere Nutzung muss dem Website-Inhaber im Voraus mitgeteilt und ausdr\u00fccklich genehmigt werden.<\/p>\n<p>Hinsichtlich der Zitate von Produkten und Dienstleistungen Dritter erkennt MM Medical Flowers SL zugunsten ihrer Inhaber die entsprechenden Rechte an geistigem und industriellem Eigentum an, und deren blo\u00dfe Erw\u00e4hnung oder Erscheinung auf der Website impliziert nicht das Bestehen von Rechten oder Verantwortung \u00fcber diese, noch eine Bef\u00fcrwortung, Unterst\u00fctzung oder Empfehlung.<\/p>\n<p>MM Medical Flowers SL erkl\u00e4rt seinen Respekt f\u00fcr die Rechte an geistigem und industriellem Eigentum Dritter; daher, wenn Sie der Ansicht sind, dass die Website www.medicalflowers.com Ihre Rechte verletzen k\u00f6nnte, kontaktieren Sie bitte MM Medical Flowers SL.<\/p>\n<h3>4. Allgemeine Nutzungsbedingungen<\/h3>\n<p>Das Webportal www.medicalflowers.es hat das Ziel, der \u00d6ffentlichkeit im Allgemeinen das Wissen \u00fcber die Aktivit\u00e4ten dieser Organisation und die Produkte und Dienstleistungen, die sie zur Entwicklung ihrer T\u00e4tigkeit anbietet, zu erleichtern.<br \/>\nDie Nutzung einer der Funktionen der Website impliziert die ausdr\u00fcckliche und vollst\u00e4ndige Annahme der hier dargelegten Bedingungen, unbeschadet derjenigen, die auf einige der spezifischen \u00fcber die Website angebotenen Dienstleistungen anwendbar sein k\u00f6nnten.<\/p>\n<p>Der Inhaber der Website beh\u00e4lt sich das Recht vor, jederzeit und ohne vorherige Ank\u00fcndigung \u00c4nderungen und Aktualisierungen der auf seiner Website enthaltenen Informationen, deren Konfiguration und Pr\u00e4sentation vorzunehmen.<\/p>\n<p>Um die ver\u00f6ffentlichten Informationen auf dem Webportal auf dem neuesten Stand zu halten, k\u00f6nnen die Inhalte jederzeit ge\u00e4ndert, korrigiert, entfernt oder hinzugef\u00fcgt werden. Daher ist es ratsam, die G\u00fcltigkeit oder Richtigkeit dieser durch Konsultation offizieller Quellen zu \u00fcberpr\u00fcfen.<\/p>\n<h3>5. Haftungsausschluss<\/h3>\n<h5>5.1. Zur Information<\/h5>\n<p>Der Zugang zur Website impliziert keine Verpflichtung seitens MM Medical Flowers SL, die Wahrhaftigkeit, Genauigkeit, Angemessenheit, Eignung, Vollst\u00e4ndigkeit und Aktualit\u00e4t der \u00fcber sie bereitgestellten Informationen zu \u00fcberpr\u00fcfen. Die Inhalte dieser Website sind allgemeiner Natur und stellen in keiner Weise die Erbringung einer rechtlichen oder steuerlichen Beratungsdienstleistung dar, sodass diese Informationen f\u00fcr die pers\u00f6nliche oder gesch\u00e4ftliche Entscheidungsfindung des Benutzers unzureichend sind.<br \/>\nMM Medical Flowers SL ist nicht verantwortlich f\u00fcr Entscheidungen, die auf der Grundlage der auf der Website bereitgestellten Informationen getroffen werden, noch f\u00fcr Sch\u00e4den, die dem Benutzer oder Dritten aufgrund von Handlungen entstehen, die ausschlie\u00dflich auf der Grundlage der auf der Website erhaltenen Informationen erfolgen.<\/p>\n<p>Die Informationen unterliegen m\u00f6glichen periodischen \u00c4nderungen ohne vorherige Ank\u00fcndigung ihres Inhalts zur Erweiterung, Verbesserung, Korrektur oder Aktualisierung der Inhalte der Website.<\/p>\n<h5>5.2. Zur Dienstleistungsqualit\u00e4t der Website<\/h5>\n<p>Der Zugang zur Website impliziert keine Verpflichtung seitens MM Medical Flowers SL, das Fehlen von Viren, W\u00fcrmern oder anderen sch\u00e4dlichen Computerelementen zu kontrollieren. Es obliegt dem Benutzer, in jedem Fall geeignete Werkzeuge zur Erkennung und Desinfektion sch\u00e4dlicher Computerprogramme zu haben.<\/p>\n<p>MM Medical Flowers SL ist nicht verantwortlich f\u00fcr Sch\u00e4den, die an den Computerausr\u00fcstungen der Benutzer oder Dritter w\u00e4hrend der Erbringung des Website-Dienstes entstehen.<\/p>\n<h5>5.3. Zur Dienstverf\u00fcgbarkeit<\/h5>\n<p>Der Zugang zur Website erfordert Dienstleistungen und Lieferungen Dritter, einschlie\u00dflich des Transports \u00fcber Telekommunikationsnetze, deren Zuverl\u00e4ssigkeit, Qualit\u00e4t, Kontinuit\u00e4t und Betrieb nicht in die Verantwortung von MM Medical Flowers SL f\u00e4llt. Daher k\u00f6nnen die \u00fcber die Website bereitgestellten Dienstleistungen vor oder gleichzeitig mit der Erbringung des Website-Dienstes ausgesetzt, storniert oder unzug\u00e4nglich gemacht werden.<\/p>\n<p>MM Medical Flowers SL ist nicht verantwortlich f\u00fcr Sch\u00e4den jeglicher Art, die dem Benutzer entstehen, die auf Ausf\u00e4lle oder Trennungen in den Telekommunikationsnetzen zur\u00fcckzuf\u00fchren sind, die die Aussetzung, Stornierung oder Unterbrechung des Website-Dienstes w\u00e4hrend der Erbringung desselben oder zuvor verursachen.<\/p>\n<h5>5.4. Zu den verlinkten Inhalten und Dienstleistungen \u00fcber das Portal<\/h5>\n<p>Der Zugangsdienst zur Website umfasst technische Verlinkungsvorrichtungen, Verzeichnisse und sogar Suchinstrumente, die dem Benutzer den Zugriff auf andere Internetseiten und -portale erm\u00f6glichen (im Folgenden &#8220;Verlinkte Seiten&#8221;). In diesen F\u00e4llen handelt MM Medical Flowers SL als Anbieter von Vermittlungsdiensten gem\u00e4\u00df Artikel 17 des Gesetzes 34\/2002 vom 12. Juli \u00fcber Dienstleistungen der Informationsgesellschaft und elektronischen Handel (LSSICE) und ist nur verantwortlich f\u00fcr die auf den verlinkten Seiten bereitgestellten Inhalte und Dienstleistungen, sofern es tats\u00e4chlich Kenntnis von der Rechtswidrigkeit hat und den Link nicht mit der gebotenen Sorgfalt deaktiviert hat.<\/p>\n<p>F\u00fcr den Fall, dass der Benutzer der Ansicht ist, dass eine verlinkte Seite rechtswidrige oder unangemessene Inhalte enth\u00e4lt, kann er MM Medical Flowers SL gem\u00e4\u00df dem in Klausel 7 festgelegten Verfahren und den festgelegten Auswirkungen informieren, ohne dass diese Mitteilung in jedem Fall die Verpflichtung zur Entfernung des entsprechenden Links bedeutet.<\/p>\n<p>In keinem Fall darf die Existenz von verlinkten Seiten das Bestehen von Vereinbarungen mit den Verantwortlichen oder Inhabern dieser Seiten oder die Empfehlung, F\u00f6rderung oder Identifizierung von MM Medical Flowers SL mit den bereitgestellten Aussagen, Inhalten oder Dienstleistungen voraussetzen.<\/p>\n<p>MM Medical Flowers SL kennt die Inhalte und Dienstleistungen der verlinkten Seiten nicht und ist daher nicht verantwortlich f\u00fcr Sch\u00e4den, die durch die Rechtswidrigkeit, Qualit\u00e4t, Aktualit\u00e4t, Nichtverf\u00fcgbarkeit, Fehlerhaftigkeit und Nutzlosigkeit der Inhalte und\/oder Dienstleistungen der verlinkten Seiten entstehen, noch f\u00fcr andere Sch\u00e4den, die nicht direkt auf MM Medical Flowers SL zur\u00fcckzuf\u00fchren sind.<\/p>\n<h3>6. Schutz personenbezogener Daten<\/h3>\n<p>In F\u00e4llen, in denen personenbezogene Daten erhoben, verarbeitet oder gespeichert werden, erfolgt dies gem\u00e4\u00df der auf der Website www.medicalflowers.es ver\u00f6ffentlichten Datenschutzerkl\u00e4rung, die im Fu\u00dfbereich der Website eingesehen werden kann.<\/p>\n<h3>7. Meldung rechtswidriger oder unangemessener Aktivit\u00e4ten<\/h3>\n<p>Falls der Benutzer oder ein anderer Internetnutzer Kenntnis davon hat, dass die verlinkten Seiten auf Seiten verweisen, deren Inhalte oder Dienstleistungen rechtswidrig, sch\u00e4dlich, erniedrigend, gewaltt\u00e4tig oder moralisch verwerflich sind, kann er MM Medical Flowers SL kontaktieren und die folgenden Informationen bereitstellen:<\/p>\n<ul>\n<li>Pers\u00f6nliche Daten des Mitteilers: Name, Adresse, Telefonnummer und E-Mail-Adresse;<\/li>\n<li>Beschreibung der Tatsachen, die den rechtswidrigen oder unangemessenen Charakter der verlinkten Seite offenbaren;<\/li>\n<li>Im Falle einer Verletzung von Rechten wie geistigem oder gewerblichem Eigentum die pers\u00f6nlichen Daten des Rechteinhabers, wenn dieser vom Mitteilenden abweicht. Sie m\u00fcssen auch das Titelpapier vorlegen, das die Legitimation des Rechteinhabers und gegebenenfalls die Vollmacht zur Vertretung des Rechteinhabers, wenn dieser vom Mitteilenden abweicht, belegt;<\/li>\n<li>Ausdr\u00fcckliche Erkl\u00e4rung, dass die in der Beschwerde enthaltenen Informationen korrekt sind.<\/li>\n<\/ul>\n<p>Der Empfang der Mitteilung durch MM Medical Flowers SL gem\u00e4\u00df dieser Klausel impliziert nicht gem\u00e4\u00df der LSSI das tats\u00e4chliche Wissen \u00fcber die vom Mitteilenden angegebenen Aktivit\u00e4ten und\/oder Inhalte.<\/p>\n<h3>8. \u00c4nderung des rechtlichen Hinweises<\/h3>\n<p>Um die Leistung der Website zu verbessern, beh\u00e4lt sich MM Medical Flowers SL das Recht vor, jederzeit und ohne vorherige Ank\u00fcndigung \u00c4nderungen und Aktualisierungen der auf der Website enthaltenen Informationen, deren Konfiguration, Design und dieses rechtlichen Hinweises sowie etwaiger anderer besonderer Bedingungen vorzunehmen.<br \/>\nDaher muss der Benutzer den rechtlichen Hinweis bei jedem Zugriff auf die Website www.medicalflowers.es lesen.<\/p>\n<h3>9. Gerichtsstand<\/h3>\n<p>F\u00fcr alle Fragen, die sich aus der Auslegung, Anwendung und Einhaltung dieses rechtlichen Hinweises sowie aus den daraus resultierenden Anspr\u00fcchen ergeben, unterwerfen sich alle beteiligten Parteien den Richtern und Gerichten von Ayamonte, Spanien, und verzichten ausdr\u00fccklich auf jede andere Gerichtsbarkeit, die ihnen zustehen k\u00f6nnte.<\/p>\n<h3>10. Anwendbares Recht<\/h3>\n<p>Das anwendbare Recht im Falle eines Streits oder Konflikts bei der Auslegung der Bedingungen, die diesen rechtlichen Hinweis bilden, sowie bei Fragen im Zusammenhang mit den Dienstleistungen dieser Website ist das spanische Recht.<\/p>\n<p>Alle Urheberrechte sind durch Gesetze und internationale Vertr\u00e4ge zum geistigen Eigentum vorbehalten. Eine Vervielf\u00e4ltigung, Verbreitung oder Ver\u00f6ffentlichung ist ausdr\u00fccklich untersagt.[\/vc_column_text][\/vc_column][vc_column]<div class=\"dfd-spacer-module\"  data-units=\"px\" data-wide_resolution=\"1280\" data-wide_size=\"90\" data-normal_resolution=\"1024\" data-normal_size=\"90\" data-tablet_resolution=\"800\" data-tablet_size=\"90\" data-mobile_resolution=\"480\" data-mobile_size=\"50\" style=\"height: 90px;\"><\/div>[\/vc_column][\/vc_row]<\/p>\n<\/div>","protected":false},"excerpt":{"rendered":"<p>[vc_row dfd_row_config=&#8221;full_width_content&#8221; dfd_row_responsive_enable=&#8221;dfd-row-responsive-enable&#8221; css=&#8221;.vc_custom_1607611148782{padding-right: 45px !important;padding-left: 45px !important;}&#8221; responsive_styles=&#8221;padding_left_desktop:30|padding_right_desktop:30|padding_left_tablet:30|padding_right_tablet:30|padding_left_mobile:0|padding_right_mobile:0&#8243;][vc_column column_bg_position=&#8221;right bottom&#8221; column_bg_repeat=&#8221;repeat&#8221; dfd_column_responsive_enable=&#8221;dfd-column-responsive-enable&#8221; css=&#8221;.vc_custom_1709224069762{background-image: url(http:\/\/www.medicalflowers.es\/wp-content\/uploads\/2024\/02\/bg_pag.jpg?id=1359) !important;background-position: center !important;background-repeat: no-repeat !important;background-size: cover !important;}&#8221; col_shadow=&#8221;box_shadow_enable:disable|shadow_horizontal:0|shadow_vertical:15|shadow_blur:50|shadow_spread:0|box_shadow_color:rgba(0%2C0%2C0%2C0.35)&#8221; col_shadow_hover=&#8221;box_shadow_enable:disable|shadow_horizontal:0|shadow_vertical:15|shadow_blur:50|shadow_spread:0|box_shadow_color:rgba(0%2C0%2C0%2C0.35)&#8221; responsive_styles=&#8221;padding_left_mobile:20|padding_right_mobile:20&#8243;][vc_row_inner][vc_column_inner][\/vc_column_inner][\/vc_row_inner][\/vc_column][\/vc_row][vc_row dfd_enable_overlay=&#8221;&#8221; dfd_row_responsive_enable=&#8221;dfd-row-responsive-enable&#8221; el_class=&#8221;txt_legal&#8221; responsive_styles=&#8221;padding_left_desktop:10|padding_right_desktop:10|margin_left_tablet:20|margin_right_tablet:20|padding_left_tablet:10|padding_right_tablet:10|margin_left_mobile:20|margin_right_mobile:20|padding_left_mobile:10|padding_right_mobile:10&#8243; css=&#8221;.vc_custom_1709223882437{margin-top:<\/p>\n","protected":false},"author":1,"featured_media":0,"parent":0,"menu_order":0,"comment_status":"closed","ping_status":"closed","template":"page-custom.php","meta":{"_monsterinsights_skip_tracking":false,"_monsterinsights_sitenote_active":false,"_monsterinsights_sitenote_note":"","_monsterinsights_sitenote_category":0,"footnotes":""},"class_list":["post-1955","page","type-page","status-publish","hentry"],"aioseo_notices":[],"_links":{"self":[{"href":"https:\/\/www.medicalflowers.es\/de\/wp-json\/wp\/v2\/pages\/1955","targetHints":{"allow":["GET"]}}],"collection":[{"href":"https:\/\/www.medicalflowers.es\/de\/wp-json\/wp\/v2\/pages"}],"about":[{"href":"https:\/\/www.medicalflowers.es\/de\/wp-json\/wp\/v2\/types\/page"}],"author":[{"embeddable":true,"href":"https:\/\/www.medicalflowers.es\/de\/wp-json\/wp\/v2\/users\/1"}],"replies":[{"embeddable":true,"href":"https:\/\/www.medicalflowers.es\/de\/wp-json\/wp\/v2\/comments?post=1955"}],"version-history":[{"count":3,"href":"https:\/\/www.medicalflowers.es\/de\/wp-json\/wp\/v2\/pages\/1955\/revisions"}],"predecessor-version":[{"id":2013,"href":"https:\/\/www.medicalflowers.es\/de\/wp-json\/wp\/v2\/pages\/1955\/revisions\/2013"}],"wp:attachment":[{"href":"https:\/\/www.medicalflowers.es\/de\/wp-json\/wp\/v2\/media?parent=1955"}],"curies":[{"name":"wp","href":"https:\/\/api.w.org\/{rel}","templated":true}]}}