{"id":1953,"date":"2023-07-28T17:11:48","date_gmt":"2023-07-28T17:11:48","guid":{"rendered":"http:\/\/www.medicalflowers.es\/politica-cookies\/"},"modified":"2024-06-25T06:03:14","modified_gmt":"2024-06-25T06:03:14","slug":"cookie-richtlinie","status":"publish","type":"page","link":"https:\/\/www.medicalflowers.es\/de\/cookie-richtlinie\/","title":{"rendered":"Cookie-Richtlinie"},"content":{"rendered":"<div class=\"wpb-content-wrapper\"><p>[vc_row dfd_row_config=&#8221;full_width_content&#8221; dfd_row_responsive_enable=&#8221;dfd-row-responsive-enable&#8221; css=&#8221;.vc_custom_1719214576397{padding-top: 25px !important;padding-right: 45px !important;padding-left: 45px !important;}&#8221; responsive_styles=&#8221;padding_left_desktop:30|padding_right_desktop:30|padding_left_tablet:30|padding_right_tablet:30|padding_left_mobile:0|padding_right_mobile:0&#8243;][vc_column column_bg_position=&#8221;right bottom&#8221; column_bg_repeat=&#8221;repeat&#8221; dfd_column_responsive_enable=&#8221;dfd-column-responsive-enable&#8221; css=&#8221;.vc_custom_1709230172377{background-image: url(http:\/\/www.medicalflowers.es\/wp-content\/uploads\/2024\/02\/bg_pag.jpg?id=1359) !important;background-position: center !important;background-repeat: no-repeat !important;background-size: cover !important;}&#8221; col_shadow=&#8221;box_shadow_enable:disable|shadow_horizontal:0|shadow_vertical:15|shadow_blur:50|shadow_spread:0|box_shadow_color:rgba(0%2C0%2C0%2C0.35)&#8221; col_shadow_hover=&#8221;box_shadow_enable:disable|shadow_horizontal:0|shadow_vertical:15|shadow_blur:50|shadow_spread:0|box_shadow_color:rgba(0%2C0%2C0%2C0.35)&#8221; responsive_styles=&#8221;padding_left_mobile:20|padding_right_mobile:20&#8243;]<div class=\"dfd-spacer-module\"  data-units=\"px\" data-wide_resolution=\"1280\" data-wide_size=\"175\" data-normal_resolution=\"1024\" data-normal_size=\"120\" data-tablet_resolution=\"800\" data-tablet_size=\"100\" data-mobile_resolution=\"480\" data-mobile_size=\"100\" style=\"height: 175px;\"><\/div>[vc_row_inner][vc_column_inner]<div class=\"dfd-heading-shortcode\"><div class=\"dfd-heading-module-wrap dfd-custom-stunning-header-title-responsive titulos_pag text-center style_01 cr-animate-gen dfd-heading-69d1630f1dbae dfd-disable-resposive-headings\" id=\"dfd-heading-69d1630f1dbae\" data-animate-type = \"transition.slideRightBigIn\" ><div class=\"inline-block\"><div class=\"dfd-heading-module\"><h2 class=\"widget-title dfd-title \" style=\"font-family:Roboto; font-weight:100; font-style:normal; font-size: 67px; color: #ffffff !important; line-height: 79px; \">Cookie-Richtlinie<\/h2><\/div><\/div><\/div><script type=\"text\/javascript\">\r\n\t\t\t\t\t\t\t\t\t(function($) {\r\n\t\t\t\t\t\t\t\t\t\t$(\"head\").append(\"<style>.dfd-heading-69d1630f1dbae.dfd-heading-module-wrap .dfd-heading-module .dfd-heading-delimiter {margin-top:10px;margin-bottom:10px;}@media (max-width: 1279px) and (min-width: 1024px){.dfd-heading-69d1630f1dbae .dfd-title{font-size: 42px !important;line-height: 50px !important;}}@media (max-width: 1023px) and (min-width: 800px){.dfd-heading-69d1630f1dbae .dfd-title{font-size: 36px !important;line-height: 44px !important;}}@media (max-width: 799px){.dfd-heading-69d1630f1dbae .dfd-title{font-size: 32px !important;line-height: 40px !important;}}<\/style>\");\r\n\t\t\t\t\t\t\t\t\t})(jQuery);\r\n\t\t\t\t\t\t\t\t<\/script><\/div><div class=\"dfd-spacer-module\"  data-units=\"px\" data-wide_resolution=\"1280\" data-wide_size=\"10\" data-normal_resolution=\"1024\" data-normal_size=\"10\" data-tablet_resolution=\"800\" data-tablet_size=\"10\" data-mobile_resolution=\"480\" data-mobile_size=\"10\" style=\"height: 10px;\"><\/div><div class=\"dfd-heading-shortcode\"><div class=\"dfd-heading-module-wrap subtitulos_pag txt_blanco text-center style_01 cr-animate-gen dfd-heading-69d1630f1dee6 dfd-disable-resposive-headings\" id=\"dfd-heading-69d1630f1dee6\" data-animate-type = \"transition.slideRightBigIn\" ><div class=\"inline-block\"><div class=\"dfd-heading-module\"><div class=\"widget-title dfd-title block-title\" style=\"font-family:Roboto; font-weight:300; font-style:normal; font-size: 15px; color: #ffffff !important; \"><\/p>\r\n<p><a href=\"https:\/\/www.medicalflowers.es\/de\/\">HOME<\/a> \u203a COOKIE-RICHTLINIE<\/p>\r\n<p><\/div><\/div><\/div><\/div><script type=\"text\/javascript\">\r\n\t\t\t\t\t\t\t\t\t(function($) {\r\n\t\t\t\t\t\t\t\t\t\t$(\"head\").append(\"<style>.dfd-heading-69d1630f1dee6.dfd-heading-module-wrap .dfd-heading-module .dfd-heading-delimiter {margin-top:10px;margin-bottom:10px;}<\/style>\");\r\n\t\t\t\t\t\t\t\t\t})(jQuery);\r\n\t\t\t\t\t\t\t\t<\/script><\/div>[\/vc_column_inner][\/vc_row_inner]<div class=\"dfd-spacer-module\"  data-units=\"px\" data-wide_resolution=\"1280\" data-wide_size=\"155\" data-normal_resolution=\"1024\" data-normal_size=\"120\" data-tablet_resolution=\"800\" data-tablet_size=\"100\" data-mobile_resolution=\"480\" data-mobile_size=\"100\" style=\"height: 155px;\"><\/div>[\/vc_column][\/vc_row][vc_row dfd_enable_overlay=&#8221;&#8221; dfd_row_responsive_enable=&#8221;dfd-row-responsive-enable&#8221; el_class=&#8221;txt_legal&#8221; responsive_styles=&#8221;padding_left_desktop:10|padding_right_desktop:10|margin_left_tablet:20|margin_right_tablet:20|padding_left_tablet:10|padding_right_tablet:10|margin_left_mobile:20|margin_right_mobile:20|padding_left_mobile:10|padding_right_mobile:10&#8243; css=&#8221;.vc_custom_1709230204327{margin-top: 20px !important;margin-right: 35px !important;margin-bottom: 20px !important;margin-left: 35px !important;border-top-width: 1px !important;border-right-width: 1px !important;border-bottom-width: 1px !important;border-left-width: 1px !important;border-left-color: # !important;border-left-style: none !important;border-right-color: # !important;border-right-style: none !important;border-top-color: # !important;border-top-style: none !important;border-bottom-color: # !important;border-bottom-style: none !important;}&#8221;][vc_column]<div class=\"dfd-spacer-module\"  data-units=\"px\" data-wide_resolution=\"1280\" data-wide_size=\"95\" data-normal_resolution=\"1024\" data-normal_size=\"90\" data-tablet_resolution=\"800\" data-tablet_size=\"50\" data-mobile_resolution=\"480\" data-mobile_size=\"50\" style=\"height: 95px;\"><\/div>[\/vc_column][vc_column css=&#8221;.vc_custom_1608291651271{padding-right: 5% !important;}&#8221; col_shadow=&#8221;box_shadow_enable:disable|shadow_horizontal:0|shadow_vertical:15|shadow_blur:50|shadow_spread:0|box_shadow_color:rgba(0%2C0%2C0%2C0.35)&#8221; col_shadow_hover=&#8221;box_shadow_enable:disable|shadow_horizontal:0|shadow_vertical:15|shadow_blur:50|shadow_spread:0|box_shadow_color:rgba(0%2C0%2C0%2C0.35)&#8221;][vc_column_text item_animation=&#8221;transition.slideRightBigIn&#8221;]<\/p>\r\n<div class=\"wpb_text_column wpb_content_element \">\r\n<div class=\"wpb_wrapper\">\r\n<p>Eine Cookie ist eine kleine Textdatei, die in Ihrem Browser gespeichert wird, wenn Sie fast jede Webseite besuchen. Ihr Nutzen besteht darin, dass die Webseite sich an Ihren Besuch erinnern kann, wenn Sie diese Seite erneut besuchen. Cookies speichern normalerweise technische Informationen, pers\u00f6nliche Vorlieben, Personalisierungsinhalte, Nutzungsstatistiken, Links zu sozialen Netzwerken, Zugriff auf Benutzerkonten usw. Das Ziel der Cookie ist es, den Inhalt der Webseite an Ihr Profil und Ihre Bed\u00fcrfnisse anzupassen. Ohne Cookies w\u00fcrden die von jeder Seite angebotenen Dienstleistungen erheblich beeintr\u00e4chtigt werden. Wenn Sie weitere Informationen dar\u00fcber einholen m\u00f6chten, was Cookies sind, was sie speichern, wie man sie l\u00f6scht, deaktiviert usw., <a href=\"https:\/\/www.medicalflowers.es\/de\/weitere-informationen-ueber-cookies\/\">folgen Sie bitte diesem Link.<\/a><\/p>\r\n<h2 class=\"wp-block-heading\">\u00a0<\/h2>\r\n<h3>Auf dieser Website verwendete Cookies<\/h3>\r\n<p>In \u00dcbereinstimmung mit den Richtlinien der spanischen Datenschutzbeh\u00f6rde listen wir die Verwendung von Cookies auf dieser Website detailliert auf, um Sie so genau wie m\u00f6glich zu informieren.<\/p>\r\n<p>Diese Website verwendet die folgenden eigenen Cookies:<\/p>\r\n<ul>\r\n<li>Sitzungscookies, um sicherzustellen, dass Benutzer, die Kommentare im Blog schreiben, Menschen und keine automatisierten Anwendungen sind. Auf diese Weise wird Spam bek\u00e4mpft.<\/li>\r\n<\/ul>\r\n<p>Diese Website verwendet die folgenden Cookies von Drittanbietern:<\/p>\r\n<ul>\r\n<li>Google Analytics: Speichert Cookies, um Statistiken \u00fcber den Verkehr und das Besuchervolumen dieser Website zu erstellen. Durch die Nutzung dieser Website stimmen Sie der Verarbeitung von Informationen \u00fcber Sie durch Google zu. Daher sollten Sie alle Rechte in dieser Hinsicht direkt mit Google aus\u00fcben.<\/li>\r\n<li>Soziale Netzwerke: Jedes soziale Netzwerk verwendet seine eigenen Cookies, damit Sie auf Schaltfl\u00e4chen wie &#8220;Gef\u00e4llt mir&#8221; oder &#8220;Teilen&#8221; klicken k\u00f6nnen.<\/li>\r\n<\/ul>\r\n<h2>\u00a0<\/h2>\r\n<h3>Deaktivierung oder L\u00f6schung von Cookies<\/h3>\r\n<p>Sie k\u00f6nnen Ihr Recht auf Deaktivierung oder L\u00f6schung von Cookies von dieser Website jederzeit aus\u00fcben. Diese Aktionen werden je nach verwendetem Browser unterschiedlich durchgef\u00fchrt. <a href=\"https:\/\/www.medicalflowers.es\/de\/weitere-informationen-ueber-cookies\/#navegadores\">Hier finden Sie eine schnelle Anleitung f\u00fcr die beliebtesten Browser.<\/a>.<\/p>\r\n<h2>\u00a0<\/h2>\r\n<h3>Zus\u00e4tzliche Hinweise<\/h3>\r\n<ul>\r\n<li>Weder diese Website noch ihre gesetzlichen Vertreter sind verantwortlich f\u00fcr den Inhalt oder die Richtigkeit der Datenschutzrichtlinien von Drittanbietern, die in dieser Cookie-Richtlinie erw\u00e4hnt werden.<\/li>\r\n<li>Webbrowser sind die Werkzeuge, die f\u00fcr die Speicherung von Cookies verantwortlich sind, und von diesem Ort aus m\u00fcssen Sie Ihr Recht auf L\u00f6schung oder Deaktivierung derselben aus\u00fcben. Weder diese Website noch ihre gesetzlichen Vertreter k\u00f6nnen die korrekte oder falsche Handhabung der Cookies durch die oben genannten Browser garantieren.<\/li>\r\n<li>In einigen F\u00e4llen ist es notwendig, Cookies zu installieren, damit der Browser Ihre Entscheidung, diese nicht zu akzeptieren, nicht vergisst.<\/li>\r\n<li>Im Falle von Google Analytics-Cookies speichert dieses Unternehmen die Cookies auf Servern in den USA und verpflichtet sich, sie nicht an Dritte weiterzugeben, au\u00dfer in den F\u00e4llen, in denen dies f\u00fcr das Funktionieren des Systems erforderlich ist oder wenn das Gesetz dazu verpflichtet. Laut Google wird Ihre IP-Adresse nicht gespeichert. Google Inc. ist ein Unternehmen, das dem Safe-Harbor-Abkommen angeh\u00f6rt, das garantiert, dass alle \u00fcbertragenen Daten mit einem Schutzlevel behandelt werden, das den europ\u00e4ischen Normen entspricht. Weitere Informationen hierzu finden Sie in diesem <a href=\"http:\/\/safeharbor.export.gov\/companyinfo.aspx?id=16626\" target=\"_blank\" rel=\"noopener\">Link<\/a>. Wenn Sie Informationen \u00fcber die Verwendung von Google-Cookies<a href=\"https:\/\/www.medicalflowers.es\/de\/weitere-informationen-ueber-cookies\/\" target=\"_blank\" rel=\"noopener\"> w\u00fcnschen, f\u00fcgen wir diesen anderen Link bei.<\/a>.<\/li>\r\n<li>Bei Fragen oder Anfragen zu dieser Cookie-Richtlinie k\u00f6nnen Sie sich gerne \u00fcber den Abschnitt Kontakt an uns wenden.<\/li>\r\n<\/ul>\r\n<\/div>\r\n<\/div>\r\n<p>[\/vc_column_text][\/vc_column][vc_column]<div class=\"dfd-spacer-module\"  data-units=\"px\" data-wide_resolution=\"1280\" data-wide_size=\"90\" data-normal_resolution=\"1024\" data-normal_size=\"90\" data-tablet_resolution=\"800\" data-tablet_size=\"90\" data-mobile_resolution=\"480\" data-mobile_size=\"50\" style=\"height: 90px;\"><\/div>[\/vc_column][\/vc_row]<\/p><\/div>","protected":false},"excerpt":{"rendered":"<p>[vc_row dfd_row_config=&#8221;full_width_content&#8221; dfd_row_responsive_enable=&#8221;dfd-row-responsive-enable&#8221; css=&#8221;.vc_custom_1719214576397{padding-top: 25px !important;padding-right: 45px !important;padding-left: 45px !important;}&#8221; responsive_styles=&#8221;padding_left_desktop:30|padding_right_desktop:30|padding_left_tablet:30|padding_right_tablet:30|padding_left_mobile:0|padding_right_mobile:0&#8243;][vc_column column_bg_position=&#8221;right bottom&#8221; column_bg_repeat=&#8221;repeat&#8221; dfd_column_responsive_enable=&#8221;dfd-column-responsive-enable&#8221; css=&#8221;.vc_custom_1709230172377{background-image: url(http:\/\/www.medicalflowers.es\/wp-content\/uploads\/2024\/02\/bg_pag.jpg?id=1359) !important;background-position: center !important;background-repeat: no-repeat !important;background-size: cover !important;}&#8221; col_shadow=&#8221;box_shadow_enable:disable|shadow_horizontal:0|shadow_vertical:15|shadow_blur:50|shadow_spread:0|box_shadow_color:rgba(0%2C0%2C0%2C0.35)&#8221; col_shadow_hover=&#8221;box_shadow_enable:disable|shadow_horizontal:0|shadow_vertical:15|shadow_blur:50|shadow_spread:0|box_shadow_color:rgba(0%2C0%2C0%2C0.35)&#8221; responsive_styles=&#8221;padding_left_mobile:20|padding_right_mobile:20&#8243;][vc_row_inner][vc_column_inner][\/vc_column_inner][\/vc_row_inner][\/vc_column][\/vc_row][vc_row dfd_enable_overlay=&#8221;&#8221; dfd_row_responsive_enable=&#8221;dfd-row-responsive-enable&#8221; el_class=&#8221;txt_legal&#8221;<\/p>\n","protected":false},"author":1,"featured_media":0,"parent":0,"menu_order":0,"comment_status":"closed","ping_status":"closed","template":"page-custom.php","meta":{"_monsterinsights_skip_tracking":false,"_monsterinsights_sitenote_active":false,"_monsterinsights_sitenote_note":"","_monsterinsights_sitenote_category":0,"footnotes":""},"class_list":["post-1953","page","type-page","status-publish","hentry"],"aioseo_notices":[],"_links":{"self":[{"href":"https:\/\/www.medicalflowers.es\/de\/wp-json\/wp\/v2\/pages\/1953","targetHints":{"allow":["GET"]}}],"collection":[{"href":"https:\/\/www.medicalflowers.es\/de\/wp-json\/wp\/v2\/pages"}],"about":[{"href":"https:\/\/www.medicalflowers.es\/de\/wp-json\/wp\/v2\/types\/page"}],"author":[{"embeddable":true,"href":"https:\/\/www.medicalflowers.es\/de\/wp-json\/wp\/v2\/users\/1"}],"replies":[{"embeddable":true,"href":"https:\/\/www.medicalflowers.es\/de\/wp-json\/wp\/v2\/comments?post=1953"}],"version-history":[{"count":9,"href":"https:\/\/www.medicalflowers.es\/de\/wp-json\/wp\/v2\/pages\/1953\/revisions"}],"predecessor-version":[{"id":2011,"href":"https:\/\/www.medicalflowers.es\/de\/wp-json\/wp\/v2\/pages\/1953\/revisions\/2011"}],"wp:attachment":[{"href":"https:\/\/www.medicalflowers.es\/de\/wp-json\/wp\/v2\/media?parent=1953"}],"curies":[{"name":"wp","href":"https:\/\/api.w.org\/{rel}","templated":true}]}}