{"id":1951,"date":"2023-07-28T17:15:05","date_gmt":"2023-07-28T17:15:05","guid":{"rendered":"http:\/\/www.medicalflowers.es\/mas-informacion-sobre-las-cookies\/"},"modified":"2024-06-25T06:04:24","modified_gmt":"2024-06-25T06:04:24","slug":"weitere-informationen-ueber-cookies","status":"publish","type":"page","link":"https:\/\/www.medicalflowers.es\/de\/weitere-informationen-ueber-cookies\/","title":{"rendered":"Weitere Informationen \u00fcber Cookies"},"content":{"rendered":"<div class=\"wpb-content-wrapper\"><p>[vc_row dfd_row_config=&#8221;full_width_content&#8221; dfd_row_responsive_enable=&#8221;dfd-row-responsive-enable&#8221; css=&#8221;.vc_custom_1607611148782{padding-right: 45px !important;padding-left: 45px !important;}&#8221; responsive_styles=&#8221;padding_left_desktop:30|padding_right_desktop:30|padding_left_tablet:30|padding_right_tablet:30|padding_left_mobile:0|padding_right_mobile:0&#8243;][vc_column column_bg_position=&#8221;right bottom&#8221; column_bg_repeat=&#8221;repeat&#8221; dfd_column_responsive_enable=&#8221;dfd-column-responsive-enable&#8221; css=&#8221;.vc_custom_1709230603673{background-image: url(http:\/\/www.medicalflowers.es\/wp-content\/uploads\/2024\/02\/bg_pag.jpg?id=1359) !important;background-position: center !important;background-repeat: no-repeat !important;background-size: cover !important;}&#8221; col_shadow=&#8221;box_shadow_enable:disable|shadow_horizontal:0|shadow_vertical:15|shadow_blur:50|shadow_spread:0|box_shadow_color:rgba(0%2C0%2C0%2C0.35)&#8221; col_shadow_hover=&#8221;box_shadow_enable:disable|shadow_horizontal:0|shadow_vertical:15|shadow_blur:50|shadow_spread:0|box_shadow_color:rgba(0%2C0%2C0%2C0.35)&#8221; responsive_styles=&#8221;padding_left_mobile:20|padding_right_mobile:20&#8243;]<div class=\"dfd-spacer-module\"  data-units=\"px\" data-wide_resolution=\"1280\" data-wide_size=\"175\" data-normal_resolution=\"1024\" data-normal_size=\"120\" data-tablet_resolution=\"800\" data-tablet_size=\"100\" data-mobile_resolution=\"480\" data-mobile_size=\"100\" style=\"height: 175px;\"><\/div>[vc_row_inner][vc_column_inner]<div class=\"dfd-heading-shortcode\"><div class=\"dfd-heading-module-wrap dfd-custom-stunning-header-title-responsive titulos_pag text-center style_01 cr-animate-gen dfd-heading-69d1a107415f4 dfd-disable-resposive-headings\" id=\"dfd-heading-69d1a107415f4\" data-animate-type = \"transition.slideRightBigIn\" ><div class=\"inline-block\"><div class=\"dfd-heading-module\"><h2 class=\"widget-title dfd-title \" style=\"font-family:Roboto; font-weight:100; font-style:normal; font-size: 67px; color: #ffffff !important; line-height: 79px; \"><\/p>\r\n<p>Weitere Informationen \u00fcber Cookies<\/p>\r\n<p><\/h2><\/div><\/div><\/div><script type=\"text\/javascript\">\r\n\t\t\t\t\t\t\t\t\t(function($) {\r\n\t\t\t\t\t\t\t\t\t\t$(\"head\").append(\"<style>.dfd-heading-69d1a107415f4.dfd-heading-module-wrap .dfd-heading-module .dfd-heading-delimiter {margin-top:10px;margin-bottom:10px;}@media (max-width: 1279px) and (min-width: 1024px){.dfd-heading-69d1a107415f4 .dfd-title{font-size: 42px !important;line-height: 50px !important;}}@media (max-width: 1023px) and (min-width: 800px){.dfd-heading-69d1a107415f4 .dfd-title{font-size: 36px !important;line-height: 44px !important;}}@media (max-width: 799px){.dfd-heading-69d1a107415f4 .dfd-title{font-size: 32px !important;line-height: 40px !important;}}<\/style>\");\r\n\t\t\t\t\t\t\t\t\t})(jQuery);\r\n\t\t\t\t\t\t\t\t<\/script><\/div><div class=\"dfd-spacer-module\"  data-units=\"px\" data-wide_resolution=\"1280\" data-wide_size=\"10\" data-normal_resolution=\"1024\" data-normal_size=\"10\" data-tablet_resolution=\"800\" data-tablet_size=\"10\" data-mobile_resolution=\"480\" data-mobile_size=\"10\" style=\"height: 10px;\"><\/div><div class=\"dfd-heading-shortcode\"><div class=\"dfd-heading-module-wrap subtitulos_pag txt_blanco text-center style_01 cr-animate-gen dfd-heading-69d1a10741bcc dfd-disable-resposive-headings\" id=\"dfd-heading-69d1a10741bcc\" data-animate-type = \"transition.slideRightBigIn\" ><div class=\"inline-block\"><div class=\"dfd-heading-module\"><div class=\"widget-title dfd-title block-title\" style=\"font-family:Roboto; font-weight:300; font-style:normal; font-size: 15px; color: #ffffff !important; \"><\/p>\r\n<p><a href=\"https:\/\/www.medicalflowers.es\/de\/\">HOME<\/a> \u203a WEITERE INFORMATIONEN \u00dcBER COOKIES<\/p>\r\n<p><\/div><\/div><\/div><\/div><script type=\"text\/javascript\">\r\n\t\t\t\t\t\t\t\t\t(function($) {\r\n\t\t\t\t\t\t\t\t\t\t$(\"head\").append(\"<style>.dfd-heading-69d1a10741bcc.dfd-heading-module-wrap .dfd-heading-module .dfd-heading-delimiter {margin-top:10px;margin-bottom:10px;}<\/style>\");\r\n\t\t\t\t\t\t\t\t\t})(jQuery);\r\n\t\t\t\t\t\t\t\t<\/script><\/div>[\/vc_column_inner][\/vc_row_inner]<div class=\"dfd-spacer-module\"  data-units=\"px\" data-wide_resolution=\"1280\" data-wide_size=\"155\" data-normal_resolution=\"1024\" data-normal_size=\"120\" data-tablet_resolution=\"800\" data-tablet_size=\"100\" data-mobile_resolution=\"480\" data-mobile_size=\"100\" style=\"height: 155px;\"><\/div>[\/vc_column][\/vc_row][vc_row dfd_enable_overlay=&#8221;&#8221; dfd_row_responsive_enable=&#8221;dfd-row-responsive-enable&#8221; el_class=&#8221;txt_legal&#8221; responsive_styles=&#8221;padding_left_desktop:10|padding_right_desktop:10|margin_left_tablet:20|margin_right_tablet:20|padding_left_tablet:10|padding_right_tablet:10|margin_left_mobile:20|margin_right_mobile:20|padding_left_mobile:10|padding_right_mobile:10&#8243; css=&#8221;.vc_custom_1709230474386{margin-top: 20px !important;margin-right: 35px !important;margin-bottom: 20px !important;margin-left: 35px !important;border-top-width: 1px !important;border-right-width: 1px !important;border-bottom-width: 1px !important;border-left-width: 1px !important;border-left-style: none !important;border-right-style: none !important;border-top-style: none !important;border-bottom-style: none !important;}&#8221;][vc_column]<div class=\"dfd-spacer-module\"  data-units=\"px\" data-wide_resolution=\"1280\" data-wide_size=\"95\" data-normal_resolution=\"1024\" data-normal_size=\"90\" data-tablet_resolution=\"800\" data-tablet_size=\"50\" data-mobile_resolution=\"480\" data-mobile_size=\"50\" style=\"height: 95px;\"><\/div>[\/vc_column][vc_column css=&#8221;.vc_custom_1608291651271{padding-right: 5% !important;}&#8221; col_shadow=&#8221;box_shadow_enable:disable|shadow_horizontal:0|shadow_vertical:15|shadow_blur:50|shadow_spread:0|box_shadow_color:rgba(0%2C0%2C0%2C0.35)&#8221; col_shadow_hover=&#8221;box_shadow_enable:disable|shadow_horizontal:0|shadow_vertical:15|shadow_blur:50|shadow_spread:0|box_shadow_color:rgba(0%2C0%2C0%2C0.35)&#8221;][vc_column_text item_animation=&#8221;transition.slideRightBigIn&#8221;]<\/p>\r\n<div class=\"wpb_text_column wpb_content_element \">\r\n<div class=\"wpb_wrapper\">\r\n<div class=\"one_line_col\">\r\n<h3 class=\"wp-block-heading\">Was ist eine Cookie?<\/h3>\r\n<p>Eine Cookie ist eine harmlose Textdatei, die in Ihrem Browser gespeichert wird, wenn Sie fast jede Webseite besuchen. Der Nutzen der Cookie besteht darin, dass die Webseite sich an Ihren Besuch erinnern kann, wenn Sie diese Seite erneut besuchen. Obwohl viele Leute es nicht wissen, werden Cookies seit 20 Jahren verwendet, als die ersten Browser f\u00fcr das World Wide Web erschienen.<\/p>\r\n<h2>\u00a0<\/h2>\r\n<h3>Was ist KEINE Cookie?<\/h3>\r\n<p>Es ist weder ein Virus, noch ein Trojaner, noch ein Wurm, noch Spam, noch Spyware, noch \u00f6ffnet sie Popup-Fenster.<\/p>\r\n<h2>\u00a0<\/h2>\r\n<h3>Welche Informationen speichert eine Cookie?<\/h3>\r\n<p>Cookies speichern normalerweise keine sensiblen Informationen \u00fcber Sie, wie Kreditkarten oder Bankdaten, Fotos, Ihren Personalausweis oder pers\u00f6nliche Informationen usw. Die gespeicherten Daten sind technischer Natur, pers\u00f6nliche Vorlieben, Personalisierungsinhalte usw.<\/p>\r\n<p>Der Webserver ordnet Sie nicht als Person zu, sondern Ihren Webbrowser. Tats\u00e4chlich, wenn Sie regelm\u00e4\u00dfig mit Internet Explorer surfen und versuchen, dieselbe Webseite mit Firefox oder Chrome zu durchsuchen, werden Sie sehen, dass die Webseite nicht erkennt, dass Sie dieselbe Person sind, da sie in Wirklichkeit den Browser und nicht die Person zuordnet.<\/p>\r\n<h2>\u00a0<\/h2>\r\n<h3>Welche Arten von Cookies gibt es?<\/h3>\r\n<ul>\r\n<li>Technische Cookies: Sie sind die grundlegendsten und erm\u00f6glichen unter anderem zu wissen, wann ein Mensch oder eine automatisierte Anwendung surft, wann ein anonymer und wann ein registrierter Benutzer surft, grundlegende Aufgaben f\u00fcr das Funktionieren einer dynamischen Webseite.<\/li>\r\n<li>Analyse-Cookies: Sie sammeln Informationen \u00fcber die Art der Navigation, die Sie durchf\u00fchren, die am h\u00e4ufigsten verwendeten Abschnitte, konsultierte Produkte, die Nutzungszeitzone, die Sprache usw.<\/li>\r\n<li>Werbe-Cookies: Sie zeigen Werbung basierend auf Ihrer Navigation, Ihrem Herkunftsland, Ihrer Sprache usw.<\/li>\r\n<\/ul>\r\n<h2>\u00a0<\/h2>\r\n<h3>Was sind eigene Cookies und Drittanbieter-Cookies?<\/h3>\r\n<p>Eigene Cookies sind die, die von der Seite generiert werden, die Sie besuchen, und Drittanbieter-Cookies sind die, die von externen Diensten oder Anbietern wie Facebook, Twitter, Google usw. generiert werden.<\/p>\r\n<h2>\u00a0<\/h2>\r\n<h3>Was passiert, wenn ich die Cookies deaktiviere?<\/h3>\r\n<p>Damit Sie den Umfang verstehen, den das Deaktivieren der Cookies haben kann, zeigen wir Ihnen einige Beispiele:<\/p>\r\n<ul>\r\n<li>Sie k\u00f6nnen Inhalte dieser Website nicht auf Facebook, Twitter oder einem anderen sozialen Netzwerk teilen.<\/li>\r\n<li>Die Webseite kann die Inhalte nicht an Ihre pers\u00f6nlichen Vorlieben anpassen, wie es normalerweise in Online-Shops der Fall ist.<\/li>\r\n<li>Sie k\u00f6nnen nicht auf den pers\u00f6nlichen Bereich dieser Webseite zugreifen, wie z.B. Mein Konto, Mein Profil oder Meine Bestellungen.<\/li>\r\n<li>Online-Shops: Es wird Ihnen unm\u00f6glich sein, Online-K\u00e4ufe zu t\u00e4tigen, Sie m\u00fcssen dies telefonisch oder durch den Besuch des physischen Gesch\u00e4fts tun, falls verf\u00fcgbar.<\/li>\r\n<li>Es wird nicht m\u00f6glich sein, Ihre geografischen Pr\u00e4ferenzen wie Zeitzone, W\u00e4hrung oder Sprache zu personalisieren.<\/li>\r\n<li>Die Webseite kann keine Webanalysen zu Besuchern und Webverkehr durchf\u00fchren, was die Wettbewerbsf\u00e4higkeit der Webseite erschweren wird.<\/li>\r\n<li>Sie k\u00f6nnen nicht im Blog schreiben, keine Fotos hochladen, keine Kommentare ver\u00f6ffentlichen, Inhalte bewerten oder bewerten. Die Webseite wird auch nicht wissen, ob Sie ein Mensch oder eine automatisierte Anwendung sind, die Spam ver\u00f6ffentlicht.<\/li>\r\n<li>Es wird keine zielgerichtete Werbung angezeigt, was die Werbeeinnahmen der Webseite reduzieren wird.<\/li>\r\n<li>Alle sozialen Netzwerke verwenden Cookies. Wenn Sie diese deaktivieren, k\u00f6nnen Sie kein soziales Netzwerk nutzen.<\/li>\r\n<\/ul>\r\n<h2>\u00a0<\/h2>\r\n<h3>K\u00f6nnen Cookies gel\u00f6scht werden?<\/h3>\r\n<p>Ja. Nicht nur l\u00f6schen, sondern auch blockieren, generell oder f\u00fcr ein bestimmtes Domain.<\/p>\r\n<p>Um die Cookies einer Webseite zu l\u00f6schen, m\u00fcssen Sie zu den Einstellungen Ihres Browsers gehen und dort die mit der betreffenden Domain verbundenen Cookies suchen und sie l\u00f6schen.<\/p>\r\n<h2>\u00a0<\/h2>\r\n<h3 id=\"navegadores\">Cookie-Einstellungen f\u00fcr die beliebtesten Browser<\/h3>\r\n<p>Nachfolgend erfahren Sie, wie Sie auf eine bestimmte Cookie im <strong>Chrome-Browser<\/strong> zugreifen. Hinweis: Diese Schritte k\u00f6nnen je nach Browserversion variieren:<\/p>\r\n<ol>\r\n<li>Gehen Sie zu Einstellungen oder Pr\u00e4ferenzen \u00fcber das Men\u00fc Datei oder klicken Sie auf das Personalisierungssymbol, das oben rechts angezeigt wird.<\/li>\r\n<li>Verschiedene Abschnitte werden angezeigt, klicken Sie auf die Option Erweiterte Einstellungen anzeigen.<\/li>\r\n<li>Gehen Sie zu Datenschutz, Inhaltseinstellungen.<\/li>\r\n<li>W\u00e4hlen Sie Alle Cookies und Websitedaten.<\/li>\r\n<li>Es erscheint eine Liste mit allen Cookies geordnet nach Domain. Um es Ihnen einfacher zu machen, die Cookies einer bestimmten Domain zu finden, geben Sie teilweise oder vollst\u00e4ndig die Adresse in das Feld Cookies suchen ein.<\/li>\r\n<li>Nach diesem Filter erscheinen auf dem Bildschirm eine oder mehrere Zeilen mit den Cookies der angeforderten Webseite. Jetzt m\u00fcssen Sie sie nur noch ausw\u00e4hlen und auf das X klicken, um mit der L\u00f6schung fortzufahren.<\/li>\r\n<\/ol>\r\n<p>Um auf die Cookie-Einstellungen des <strong>Internet Explorer-Browsers<\/strong> zuzugreifen, folgen Sie diesen Schritten (sie k\u00f6nnen je nach Browserversion variieren):<\/p>\r\n<ol>\r\n<li>Gehen Sie zu Extras, Internetoptionen.<\/li>\r\n<li>Klicken Sie auf Datenschutz.<\/li>\r\n<li>Bewegen Sie den Schieberegler, um das gew\u00fcnschte Datenschutzniveau einzustellen.<\/li>\r\n<\/ol>\r\n<p>Um auf die Cookie-Einstellungen des <strong>Firefox-Browsers<\/strong> zuzugreifen, folgen Sie diesen Schritten (sie k\u00f6nnen je nach Browserversion variieren):<\/p>\r\n<ol>\r\n<li>Gehen Sie zu Optionen oder Pr\u00e4ferenzen, je nach Betriebssystem.<\/li>\r\n<li>Klicken Sie auf Datenschutz.<\/li>\r\n<li>W\u00e4hlen Sie in Verlauf Benutzerdefinierte Einstellungen f\u00fcr den Verlauf verwenden.<\/li>\r\n<li>Nun sehen Sie die Option Cookies akzeptieren. Sie k\u00f6nnen sie aktivieren oder deaktivieren, je nach Ihren Vorlieben.<\/li>\r\n<\/ol>\r\n<p>Um auf die Cookie-Einstellungen des <strong>Safari-Browsers f\u00fcr OSX zuzugrei<\/strong>fen, folgen Sie diesen Schritten (sie k\u00f6nnen je nach Browserversion variieren):<\/p>\r\n<ol>\r\n<li>Gehen Sie zu Pr\u00e4ferenzen, dann Datenschutz.<\/li>\r\n<li>Hier sehen Sie die Option Cookies blockieren, um die gew\u00fcnschte Art der Blockierung einzustellen.<\/li>\r\n<\/ol>\r\n<p>Um auf die Cookie-Einstellungen des <strong>Safari-Browsers f\u00fcr iOS zuzugreifen<\/strong>, folgen Sie diesen Schritten (sie k\u00f6nnen je nach Browserversion variieren):<\/p>\r\n<ol>\r\n<li>Gehen Sie zu Einstellungen, dann Safari.<\/li>\r\n<li>Gehen Sie zu Datenschutz und Sicherheit. Hier sehen Sie die Option Cookies blockieren, um die gew\u00fcnschte Art der Blockierung einzustellen.<\/li>\r\n<\/ol>\r\n<p>Um auf die Cookie-Einstellungen des Browsers f\u00fcr <strong>Android-Ger\u00e4te zuzugreifen<\/strong>, folgen Sie diesen Schritten (sie k\u00f6nnen je nach Browserversion variieren):<\/p>\r\n<ol>\r\n<li>Starten Sie den Browser und dr\u00fccken Sie die Men\u00fctaste, dann Einstellungen.<\/li>\r\n<li>Gehen Sie zu Sicherheit und Datenschutz. Hier sehen Sie die Option Cookies akzeptieren, um das K\u00e4stchen zu aktivieren oder zu deaktivieren.<\/li>\r\n<\/ol>\r\n<p>Um auf die Cookie-Einstellungen des Browsers f\u00fcr <strong>Windows Phone-Ger\u00e4te zuzugreifen<\/strong>, folgen Sie diesen Schritten (sie k\u00f6nnen je nach Browserversion variieren):<\/p>\r\n<ol>\r\n<li style=\"list-style-type: none;\">\r\n<ol>\r\n<li>\u00d6ffnen Sie Internet Explorer, dann Mehr, dann Einstellungen.<\/li>\r\n<li>Nun k\u00f6nnen Sie das K\u00e4stchen Cookies zulassen aktivieren oder deaktivieren.<\/li>\r\n<\/ol>\r\n<\/li>\r\n<\/ol>\r\n<\/div>\r\n<\/div>\r\n<\/div>\r\n<p>[\/vc_column_text][\/vc_column][vc_column]<div class=\"dfd-spacer-module\"  data-units=\"px\" data-wide_resolution=\"1280\" data-wide_size=\"90\" data-normal_resolution=\"1024\" data-normal_size=\"90\" data-tablet_resolution=\"800\" data-tablet_size=\"90\" data-mobile_resolution=\"480\" data-mobile_size=\"50\" style=\"height: 90px;\"><\/div>[\/vc_column][\/vc_row]<\/p><\/div>","protected":false},"excerpt":{"rendered":"<p>[vc_row dfd_row_config=&#8221;full_width_content&#8221; dfd_row_responsive_enable=&#8221;dfd-row-responsive-enable&#8221; css=&#8221;.vc_custom_1607611148782{padding-right: 45px !important;padding-left: 45px !important;}&#8221; responsive_styles=&#8221;padding_left_desktop:30|padding_right_desktop:30|padding_left_tablet:30|padding_right_tablet:30|padding_left_mobile:0|padding_right_mobile:0&#8243;][vc_column column_bg_position=&#8221;right bottom&#8221; column_bg_repeat=&#8221;repeat&#8221; dfd_column_responsive_enable=&#8221;dfd-column-responsive-enable&#8221; css=&#8221;.vc_custom_1709230603673{background-image: url(http:\/\/www.medicalflowers.es\/wp-content\/uploads\/2024\/02\/bg_pag.jpg?id=1359) !important;background-position: center !important;background-repeat: no-repeat !important;background-size: cover !important;}&#8221; col_shadow=&#8221;box_shadow_enable:disable|shadow_horizontal:0|shadow_vertical:15|shadow_blur:50|shadow_spread:0|box_shadow_color:rgba(0%2C0%2C0%2C0.35)&#8221; col_shadow_hover=&#8221;box_shadow_enable:disable|shadow_horizontal:0|shadow_vertical:15|shadow_blur:50|shadow_spread:0|box_shadow_color:rgba(0%2C0%2C0%2C0.35)&#8221; responsive_styles=&#8221;padding_left_mobile:20|padding_right_mobile:20&#8243;][vc_row_inner][vc_column_inner][\/vc_column_inner][\/vc_row_inner][\/vc_column][\/vc_row][vc_row dfd_enable_overlay=&#8221;&#8221; dfd_row_responsive_enable=&#8221;dfd-row-responsive-enable&#8221; el_class=&#8221;txt_legal&#8221; responsive_styles=&#8221;padding_left_desktop:10|padding_right_desktop:10|margin_left_tablet:20|margin_right_tablet:20|padding_left_tablet:10|padding_right_tablet:10|margin_left_mobile:20|margin_right_mobile:20|padding_left_mobile:10|padding_right_mobile:10&#8243; css=&#8221;.vc_custom_1709230474386{margin-top:<\/p>\n","protected":false},"author":1,"featured_media":0,"parent":0,"menu_order":0,"comment_status":"closed","ping_status":"closed","template":"page-custom.php","meta":{"_monsterinsights_skip_tracking":false,"_monsterinsights_sitenote_active":false,"_monsterinsights_sitenote_note":"","_monsterinsights_sitenote_category":0,"footnotes":""},"class_list":["post-1951","page","type-page","status-publish","hentry"],"aioseo_notices":[],"_links":{"self":[{"href":"https:\/\/www.medicalflowers.es\/de\/wp-json\/wp\/v2\/pages\/1951","targetHints":{"allow":["GET"]}}],"collection":[{"href":"https:\/\/www.medicalflowers.es\/de\/wp-json\/wp\/v2\/pages"}],"about":[{"href":"https:\/\/www.medicalflowers.es\/de\/wp-json\/wp\/v2\/types\/page"}],"author":[{"embeddable":true,"href":"https:\/\/www.medicalflowers.es\/de\/wp-json\/wp\/v2\/users\/1"}],"replies":[{"embeddable":true,"href":"https:\/\/www.medicalflowers.es\/de\/wp-json\/wp\/v2\/comments?post=1951"}],"version-history":[{"count":3,"href":"https:\/\/www.medicalflowers.es\/de\/wp-json\/wp\/v2\/pages\/1951\/revisions"}],"predecessor-version":[{"id":2014,"href":"https:\/\/www.medicalflowers.es\/de\/wp-json\/wp\/v2\/pages\/1951\/revisions\/2014"}],"wp:attachment":[{"href":"https:\/\/www.medicalflowers.es\/de\/wp-json\/wp\/v2\/media?parent=1951"}],"curies":[{"name":"wp","href":"https:\/\/api.w.org\/{rel}","templated":true}]}}